{"id":7785,"date":"2023-06-01T15:48:28","date_gmt":"2023-06-01T15:48:28","guid":{"rendered":"https:\/\/acelshopping.com\/?post_type=product&#038;p=7785"},"modified":"2024-09-29T21:37:35","modified_gmt":"2024-09-29T21:37:35","slug":"detox-foot-bath-ionic","status":"publish","type":"product","link":"https:\/\/acelshopping.com\/index.php\/product\/detox-foot-bath-ionic\/","title":{"rendered":"Detox foot bath Ionic"},"content":{"rendered":"<ul class=\"a-unordered-list a-vertical a-spacing-mini\">\n<li class=\"a-spacing-mini\"><span class=\"a-list-item\">[Nettoyage des ions abordables pour vous]: Note chaude: avec ou sans pieds dans l&#8217;eau, la machine de bain de pied de d\u00e9sintoxication ionique va changer de couleur, c&#8217;est la normale en raison du noyau fixe d&#8217;int\u00e9rieur. Adoptez la technologie d&#8217;\u00e9lectrolyse de l&#8217;eau avanc\u00e9e, d\u00e9toxifie votre corps, vous traite avec un spa de pied pendant que vous \u00eates chez vous ou dehors. Vous conseille d&#8217;utiliser le spa du pied de d\u00e9sintoxication dans une longue p\u00e9riode: 4 fois \/ semaine, 6-12 mois ..<\/span><\/li>\n<li class=\"a-spacing-mini\"><span class=\"a-list-item\">[D\u00e9tendez-vous non plus d&#8217;effets secondaires]: Apr\u00e8s longtemps \u00e0 l&#8217;aide de la machine de bain \u00e0 pied de d\u00e9sintoxication ionique, il peut vous donner en plus de rajeunir, de vous d\u00e9barrasser de la fatigue, le but est qu&#8217;il peut am\u00e9liorer votre m\u00e9moire et votre sommeil, r\u00e9duire la douleur de l&#8217;arthrite, la polyarthrite rhumato\u00efde , Renforcer votre syst\u00e8me immunitaire, le rhume n&#8217;arrivera pas trop souvent ..<\/span><\/li>\n<li class=\"a-spacing-mini\"><span class=\"a-list-item\">[Facile \u00e0 utiliser]: Machine de bain de teint de d\u00e9sintoxication ionique Une op\u00e9ration cl\u00e9, plug and play, costume pour les parents ou les plus \u00e2g\u00e9s en utilisant. Convient \u00e9galement \u00e0 la maison, au personnel personnel, au club de beaut\u00e9 et au massage des pieds du club de spa, etc.<\/span><\/li>\n<li class=\"a-spacing-mini\"><span class=\"a-list-item\">[Les produits incluent]: l&#8217;emballage comprend une machine de bain \u00e0 pied de d\u00e9sintoxication ionique, 1 baignoire, 1 adaptateur secteur. Si vous avez un probl\u00e8me d&#8217;utilisation, veuillez vous reporter au guide d&#8217;utilisation ou contactez-nous ..<\/span><\/li>\n<li class=\"a-spacing-mini\"><span class=\"a-list-item\">[Service d&#8217;apr\u00e8s-vente parfait]: Cette machine de bain \u00e0 pied de d\u00e9sintoxication ionique est un syst\u00e8me de bain de pieds r\u00e9actif \u00e0 eau pure. Vous pouvez l&#8217;utiliser avec confiance. Si vous avez des questions, veuillez nous contacter \u00e0 temps. Nous sommes seulement trop heureux de vous aider \u00e0 comparer avec des articles similaires<\/span><\/li>\n<\/ul>\n","protected":false},"excerpt":{"rendered":"<h6 id=\"title\" class=\"a-size-large a-spacing-none\"><span id=\"productTitle\" class=\"a-size-large product-title-word-break\">NSWD Ionic Detox Bath Spa Machine, Detox Foot Spa, Personal Ionic Foot Cleanse, for Home Use Spa Club Salon Or As Gift<\/span><\/h6>\n","protected":false},"featured_media":7789,"comment_status":"open","ping_status":"closed","template":"","meta":{"_uag_custom_page_level_css":"","site-sidebar-layout":"default","site-content-layout":"default","ast-site-content-layout":"default","site-content-style":"default","site-sidebar-style":"default","ast-global-header-display":"","ast-banner-title-visibility":"","ast-main-header-display":"","ast-hfb-above-header-display":"","ast-hfb-below-header-display":"","ast-hfb-mobile-header-display":"","site-post-title":"","ast-breadcrumbs-content":"","ast-featured-img":"","footer-sml-layout":"","theme-transparent-header-meta":"default","adv-header-id-meta":"","stick-header-meta":"","header-above-stick-meta":"","header-main-stick-meta":"","header-below-stick-meta":"","astra-migrate-meta-layouts":"default","ast-page-background-enabled":"default","ast-page-background-meta":{"desktop":{"background-color":"","background-image":"","background-repeat":"repeat","background-position":"center center","background-size":"auto","background-attachment":"scroll","background-type":"","background-media":"","overlay-type":"","overlay-color":"","overlay-opacity":"","overlay-gradient":""},"tablet":{"background-color":"","background-image":"","background-repeat":"repeat","background-position":"center center","background-size":"auto","background-attachment":"scroll","background-type":"","background-media":"","overlay-type":"","overlay-color":"","overlay-opacity":"","overlay-gradient":""},"mobile":{"background-color":"","background-image":"","background-repeat":"repeat","background-position":"center center","background-size":"auto","background-attachment":"scroll","background-type":"","background-media":"","overlay-type":"","overlay-color":"","overlay-opacity":"","overlay-gradient":""}},"ast-content-background-meta":{"desktop":{"background-color":"var(--ast-global-color-5)","background-image":"","background-repeat":"repeat","background-position":"center center","background-size":"auto","background-attachment":"scroll","background-type":"","background-media":"","overlay-type":"","overlay-color":"","overlay-opacity":"","overlay-gradient":""},"tablet":{"background-color":"var(--ast-global-color-5)","background-image":"","background-repeat":"repeat","background-position":"center center","background-size":"auto","background-attachment":"scroll","background-type":"","background-media":"","overlay-type":"","overlay-color":"","overlay-opacity":"","overlay-gradient":""},"mobile":{"background-color":"var(--ast-global-color-5)","background-image":"","background-repeat":"repeat","background-position":"center center","background-size":"auto","background-attachment":"scroll","background-type":"","background-media":"","overlay-type":"","overlay-color":"","overlay-opacity":"","overlay-gradient":""}}},"product_brand":[],"product_cat":[377],"product_tag":[],"class_list":{"0":"post-7785","1":"product","2":"type-product","3":"status-publish","4":"has-post-thumbnail","6":"product_cat-medicare-products","7":"desktop-align-left","8":"tablet-align-left","9":"mobile-align-left","11":"first","12":"instock","13":"shipping-taxable","14":"purchasable","15":"product-type-simple"},"yoast_head":"<!-- This site is optimized with the Yoast SEO plugin v27.2 - https:\/\/yoast.com\/product\/yoast-seo-wordpress\/ -->\n<title>Detox foot bath Ionic - Acelshopping.com<\/title>\n<meta name=\"robots\" content=\"index, follow, max-snippet:-1, max-image-preview:large, max-video-preview:-1\" \/>\n<link rel=\"canonical\" href=\"https:\/\/acelshopping.com\/index.php\/product\/detox-foot-bath-ionic\/\" \/>\n<meta property=\"og:locale\" content=\"en_US\" \/>\n<meta property=\"og:type\" content=\"article\" \/>\n<meta property=\"og:title\" content=\"Detox foot bath Ionic - Acelshopping.com\" \/>\n<meta property=\"og:description\" content=\"NSWD Ionic Detox Bath Spa Machine, Detox Foot Spa, Personal Ionic Foot Cleanse, for Home Use Spa Club Salon Or As Gift\" \/>\n<meta property=\"og:url\" content=\"https:\/\/acelshopping.com\/index.php\/product\/detox-foot-bath-ionic\/\" \/>\n<meta property=\"og:site_name\" content=\"Acelshopping.com\" \/>\n<meta property=\"article:modified_time\" content=\"2024-09-29T21:37:35+00:00\" \/>\n<meta property=\"og:image\" content=\"https:\/\/acelshopping.com\/wp-content\/uploads\/2023\/06\/716m8SkFbLL._AC_SL1500_.jpg\" \/>\n\t<meta property=\"og:image:width\" content=\"1500\" \/>\n\t<meta property=\"og:image:height\" content=\"1320\" \/>\n\t<meta property=\"og:image:type\" content=\"image\/jpeg\" \/>\n<meta name=\"twitter:card\" content=\"summary_large_image\" \/>\n<meta name=\"twitter:label1\" content=\"Est. reading time\" \/>\n\t<meta name=\"twitter:data1\" content=\"2 minutes\" \/>\n<script type=\"application\/ld+json\" class=\"yoast-schema-graph\">{\"@context\":\"https:\/\/schema.org\",\"@graph\":[{\"@type\":\"WebPage\",\"@id\":\"https:\/\/acelshopping.com\/index.php\/product\/detox-foot-bath-ionic\/\",\"url\":\"https:\/\/acelshopping.com\/index.php\/product\/detox-foot-bath-ionic\/\",\"name\":\"Detox foot bath Ionic - Acelshopping.com\",\"isPartOf\":{\"@id\":\"https:\/\/acelshopping.com\/#website\"},\"primaryImageOfPage\":{\"@id\":\"https:\/\/acelshopping.com\/index.php\/product\/detox-foot-bath-ionic\/#primaryimage\"},\"image\":{\"@id\":\"https:\/\/acelshopping.com\/index.php\/product\/detox-foot-bath-ionic\/#primaryimage\"},\"thumbnailUrl\":\"https:\/\/acelshopping.com\/wp-content\/uploads\/2023\/06\/716m8SkFbLL._AC_SL1500_.jpg\",\"datePublished\":\"2023-06-01T15:48:28+00:00\",\"dateModified\":\"2024-09-29T21:37:35+00:00\",\"breadcrumb\":{\"@id\":\"https:\/\/acelshopping.com\/index.php\/product\/detox-foot-bath-ionic\/#breadcrumb\"},\"inLanguage\":\"en-US\",\"potentialAction\":[{\"@type\":\"ReadAction\",\"target\":[\"https:\/\/acelshopping.com\/index.php\/product\/detox-foot-bath-ionic\/\"]}]},{\"@type\":\"ImageObject\",\"inLanguage\":\"en-US\",\"@id\":\"https:\/\/acelshopping.com\/index.php\/product\/detox-foot-bath-ionic\/#primaryimage\",\"url\":\"https:\/\/acelshopping.com\/wp-content\/uploads\/2023\/06\/716m8SkFbLL._AC_SL1500_.jpg\",\"contentUrl\":\"https:\/\/acelshopping.com\/wp-content\/uploads\/2023\/06\/716m8SkFbLL._AC_SL1500_.jpg\",\"width\":1500,\"height\":1320},{\"@type\":\"BreadcrumbList\",\"@id\":\"https:\/\/acelshopping.com\/index.php\/product\/detox-foot-bath-ionic\/#breadcrumb\",\"itemListElement\":[{\"@type\":\"ListItem\",\"position\":1,\"name\":\"Home\",\"item\":\"https:\/\/acelshopping.com\/\"},{\"@type\":\"ListItem\",\"position\":2,\"name\":\"Store\",\"item\":\"https:\/\/acelshopping.com\/\"},{\"@type\":\"ListItem\",\"position\":3,\"name\":\"Detox foot bath Ionic\"}]},{\"@type\":\"WebSite\",\"@id\":\"https:\/\/acelshopping.com\/#website\",\"url\":\"https:\/\/acelshopping.com\/\",\"name\":\"Acelshopping.com\",\"description\":\"The Online Gifts Store\",\"publisher\":{\"@id\":\"https:\/\/acelshopping.com\/#organization\"},\"potentialAction\":[{\"@type\":\"SearchAction\",\"target\":{\"@type\":\"EntryPoint\",\"urlTemplate\":\"https:\/\/acelshopping.com\/?s={search_term_string}\"},\"query-input\":{\"@type\":\"PropertyValueSpecification\",\"valueRequired\":true,\"valueName\":\"search_term_string\"}}],\"inLanguage\":\"en-US\"},{\"@type\":\"Organization\",\"@id\":\"https:\/\/acelshopping.com\/#organization\",\"name\":\"Acelshopping.com\",\"url\":\"https:\/\/acelshopping.com\/\",\"logo\":{\"@type\":\"ImageObject\",\"inLanguage\":\"en-US\",\"@id\":\"https:\/\/acelshopping.com\/#\/schema\/logo\/image\/\",\"url\":\"https:\/\/acelshopping.com\/wp-content\/uploads\/2023\/05\/cropped-LogoMakr-0yc0jP-1.png\",\"contentUrl\":\"https:\/\/acelshopping.com\/wp-content\/uploads\/2023\/05\/cropped-LogoMakr-0yc0jP-1.png\",\"width\":200,\"height\":94,\"caption\":\"Acelshopping.com\"},\"image\":{\"@id\":\"https:\/\/acelshopping.com\/#\/schema\/logo\/image\/\"}}]}<\/script>\n<!-- \/ Yoast SEO plugin. -->","yoast_head_json":{"title":"Detox foot bath Ionic - Acelshopping.com","robots":{"index":"index","follow":"follow","max-snippet":"max-snippet:-1","max-image-preview":"max-image-preview:large","max-video-preview":"max-video-preview:-1"},"canonical":"https:\/\/acelshopping.com\/index.php\/product\/detox-foot-bath-ionic\/","og_locale":"en_US","og_type":"article","og_title":"Detox foot bath Ionic - Acelshopping.com","og_description":"NSWD Ionic Detox Bath Spa Machine, Detox Foot Spa, Personal Ionic Foot Cleanse, for Home Use Spa Club Salon Or As Gift","og_url":"https:\/\/acelshopping.com\/index.php\/product\/detox-foot-bath-ionic\/","og_site_name":"Acelshopping.com","article_modified_time":"2024-09-29T21:37:35+00:00","og_image":[{"width":1500,"height":1320,"url":"https:\/\/acelshopping.com\/wp-content\/uploads\/2023\/06\/716m8SkFbLL._AC_SL1500_.jpg","type":"image\/jpeg"}],"twitter_card":"summary_large_image","twitter_misc":{"Est. reading time":"2 minutes"},"schema":{"@context":"https:\/\/schema.org","@graph":[{"@type":"WebPage","@id":"https:\/\/acelshopping.com\/index.php\/product\/detox-foot-bath-ionic\/","url":"https:\/\/acelshopping.com\/index.php\/product\/detox-foot-bath-ionic\/","name":"Detox foot bath Ionic - Acelshopping.com","isPartOf":{"@id":"https:\/\/acelshopping.com\/#website"},"primaryImageOfPage":{"@id":"https:\/\/acelshopping.com\/index.php\/product\/detox-foot-bath-ionic\/#primaryimage"},"image":{"@id":"https:\/\/acelshopping.com\/index.php\/product\/detox-foot-bath-ionic\/#primaryimage"},"thumbnailUrl":"https:\/\/acelshopping.com\/wp-content\/uploads\/2023\/06\/716m8SkFbLL._AC_SL1500_.jpg","datePublished":"2023-06-01T15:48:28+00:00","dateModified":"2024-09-29T21:37:35+00:00","breadcrumb":{"@id":"https:\/\/acelshopping.com\/index.php\/product\/detox-foot-bath-ionic\/#breadcrumb"},"inLanguage":"en-US","potentialAction":[{"@type":"ReadAction","target":["https:\/\/acelshopping.com\/index.php\/product\/detox-foot-bath-ionic\/"]}]},{"@type":"ImageObject","inLanguage":"en-US","@id":"https:\/\/acelshopping.com\/index.php\/product\/detox-foot-bath-ionic\/#primaryimage","url":"https:\/\/acelshopping.com\/wp-content\/uploads\/2023\/06\/716m8SkFbLL._AC_SL1500_.jpg","contentUrl":"https:\/\/acelshopping.com\/wp-content\/uploads\/2023\/06\/716m8SkFbLL._AC_SL1500_.jpg","width":1500,"height":1320},{"@type":"BreadcrumbList","@id":"https:\/\/acelshopping.com\/index.php\/product\/detox-foot-bath-ionic\/#breadcrumb","itemListElement":[{"@type":"ListItem","position":1,"name":"Home","item":"https:\/\/acelshopping.com\/"},{"@type":"ListItem","position":2,"name":"Store","item":"https:\/\/acelshopping.com\/"},{"@type":"ListItem","position":3,"name":"Detox foot bath Ionic"}]},{"@type":"WebSite","@id":"https:\/\/acelshopping.com\/#website","url":"https:\/\/acelshopping.com\/","name":"Acelshopping.com","description":"The Online Gifts Store","publisher":{"@id":"https:\/\/acelshopping.com\/#organization"},"potentialAction":[{"@type":"SearchAction","target":{"@type":"EntryPoint","urlTemplate":"https:\/\/acelshopping.com\/?s={search_term_string}"},"query-input":{"@type":"PropertyValueSpecification","valueRequired":true,"valueName":"search_term_string"}}],"inLanguage":"en-US"},{"@type":"Organization","@id":"https:\/\/acelshopping.com\/#organization","name":"Acelshopping.com","url":"https:\/\/acelshopping.com\/","logo":{"@type":"ImageObject","inLanguage":"en-US","@id":"https:\/\/acelshopping.com\/#\/schema\/logo\/image\/","url":"https:\/\/acelshopping.com\/wp-content\/uploads\/2023\/05\/cropped-LogoMakr-0yc0jP-1.png","contentUrl":"https:\/\/acelshopping.com\/wp-content\/uploads\/2023\/05\/cropped-LogoMakr-0yc0jP-1.png","width":200,"height":94,"caption":"Acelshopping.com"},"image":{"@id":"https:\/\/acelshopping.com\/#\/schema\/logo\/image\/"}}]}},"uagb_featured_image_src":{"full":["https:\/\/acelshopping.com\/wp-content\/uploads\/2023\/06\/716m8SkFbLL._AC_SL1500_.jpg",1500,1320,false],"thumbnail":["https:\/\/acelshopping.com\/wp-content\/uploads\/2023\/06\/716m8SkFbLL._AC_SL1500_-150x150.jpg",150,150,true],"medium":["https:\/\/acelshopping.com\/wp-content\/uploads\/2023\/06\/716m8SkFbLL._AC_SL1500_-300x264.jpg",300,264,true],"medium_large":["https:\/\/acelshopping.com\/wp-content\/uploads\/2023\/06\/716m8SkFbLL._AC_SL1500_-768x676.jpg",768,676,true],"large":["https:\/\/acelshopping.com\/wp-content\/uploads\/2023\/06\/716m8SkFbLL._AC_SL1500_-1024x901.jpg",1024,901,true],"1536x1536":["https:\/\/acelshopping.com\/wp-content\/uploads\/2023\/06\/716m8SkFbLL._AC_SL1500_.jpg",1500,1320,false],"2048x2048":["https:\/\/acelshopping.com\/wp-content\/uploads\/2023\/06\/716m8SkFbLL._AC_SL1500_.jpg",1500,1320,false],"mailpoet_newsletter_max":["https:\/\/acelshopping.com\/wp-content\/uploads\/2023\/06\/716m8SkFbLL._AC_SL1500_-1320x1162.jpg",1320,1162,true],"woocommerce_thumbnail":["https:\/\/acelshopping.com\/wp-content\/uploads\/2023\/06\/716m8SkFbLL._AC_SL1500_-310x310.jpg",310,310,true],"woocommerce_single":["https:\/\/acelshopping.com\/wp-content\/uploads\/2023\/06\/716m8SkFbLL._AC_SL1500_-577x508.jpg",577,508,true],"woocommerce_gallery_thumbnail":["https:\/\/acelshopping.com\/wp-content\/uploads\/2023\/06\/716m8SkFbLL._AC_SL1500_-100x100.jpg",100,100,true]},"uagb_author_info":{"display_name":"admin","author_link":"https:\/\/acelshopping.com\/index.php\/author\/"},"uagb_comment_info":0,"uagb_excerpt":"NSWD Ionic Detox Bath Spa Machine, Detox Foot Spa, Personal Ionic Foot Cleanse, for Home Use Spa Club Salon Or As Gift","jetpack_sharing_enabled":true,"_links":{"self":[{"href":"https:\/\/acelshopping.com\/index.php\/wp-json\/wp\/v2\/product\/7785","targetHints":{"allow":["GET"]}}],"collection":[{"href":"https:\/\/acelshopping.com\/index.php\/wp-json\/wp\/v2\/product"}],"about":[{"href":"https:\/\/acelshopping.com\/index.php\/wp-json\/wp\/v2\/types\/product"}],"replies":[{"embeddable":true,"href":"https:\/\/acelshopping.com\/index.php\/wp-json\/wp\/v2\/comments?post=7785"}],"wp:featuredmedia":[{"embeddable":true,"href":"https:\/\/acelshopping.com\/index.php\/wp-json\/wp\/v2\/media\/7789"}],"wp:attachment":[{"href":"https:\/\/acelshopping.com\/index.php\/wp-json\/wp\/v2\/media?parent=7785"}],"wp:term":[{"taxonomy":"product_brand","embeddable":true,"href":"https:\/\/acelshopping.com\/index.php\/wp-json\/wp\/v2\/product_brand?post=7785"},{"taxonomy":"product_cat","embeddable":true,"href":"https:\/\/acelshopping.com\/index.php\/wp-json\/wp\/v2\/product_cat?post=7785"},{"taxonomy":"product_tag","embeddable":true,"href":"https:\/\/acelshopping.com\/index.php\/wp-json\/wp\/v2\/product_tag?post=7785"}],"curies":[{"name":"wp","href":"https:\/\/api.w.org\/{rel}","templated":true}]}}