{"id":23432,"date":"2024-09-15T01:42:52","date_gmt":"2024-09-15T01:42:52","guid":{"rendered":"https:\/\/acelshopping.com\/?post_type=product&#038;p=23432"},"modified":"2024-09-15T01:42:53","modified_gmt":"2024-09-15T01:42:53","slug":"apple-iphone-12-64gb","status":"publish","type":"product","link":"https:\/\/acelshopping.com\/index.php\/product\/apple-iphone-12-64gb\/","title":{"rendered":"Apple iPhone 12 64GB"},"content":{"rendered":"<p>\u2022 Procesador: Apple A14 Bionic \u2022 Almacenamiento: 64GB \u2022 Sistema Operativo: iOS 14 \u2022 Pantalla: 6,1\u201d Super Retina XDR \u2022 Resoluci\u00f3n: 2532 x 1170 pixeles \u2022 C\u00e1mara Trasera: Dual 12MP \u2022 C\u00e1mara Frontal: 12MP Apertura de \u0192\/2,2 \u2022 Dimensiones: 146 x 71 x 7 mm \u2022 Color: Negro \u2022 Procesador: Chip A14 Bionic, Neural Engine de tercera generaci\u00f3n \u2022 Pantalla: Pantalla Super Retina XDR OLED Multi-Touch de 6,1 pulgadas (diagonal) sin marco. Pantalla HDR, resoluci\u00f3n de 2532 x 1170 pixeles a 460 ppi. Relaci\u00f3n de contraste 2.000.000:1 (normal) La pantalla del iPhone 12 tiene esquinas redondeadas que rematan el dise\u00f1o curvo del dispositivo, y esas esquinas se encuentran dentro de un rect\u00e1ngulo est\u00e1ndar. Si se mide el rect\u00e1ngulo est\u00e1ndar, la pantalla tiene 6,06 pulgadas en diagonal (la superficie real de visi\u00f3n es inferior). \u2022 C\u00e1mara: Sistema de dos c\u00e1maras de 12 MP: ultra gran angular y gran angular Ultra gran angular: apertura de \u0192\/2.4 y \u00e1ngulo de visi\u00f3n de 120\u00b0 Gran angular: apertura de \u0192\/1.6 Zoom \u00f3ptico de 2x para acercar, zoom \u00f3ptico de 2x para alejar; zoom digital de hasta 5x Lente de cinco elementos (c\u00e1mara ultra gran angular); lente de seis elementos (c\u00e1mara gran angular) Estabilizaci\u00f3n \u00f3ptica de imagen (gran angular) Flash True Tone m\u00e1s luminoso con sincronizaci\u00f3n lenta Fotos panor\u00e1micas (hasta 63 MP) \u2022 C\u00e1mara Truedepth: C\u00e1mara de 12 MP, apertura de \u0192\/2.2 Grabaci\u00f3n de video 4K a 24 cps, 30 cps o 60 cps Grabaci\u00f3n de video HD de 1080p a 30 cps o 60 cps Estabilizaci\u00f3n cinem\u00e1tica de video (4K, 1080p y 720p) Video en c\u00e1mara lenta de 1080p a 120 cps Retina Flash Estabilizaci\u00f3n autom\u00e1tica de imagen \u2022 Grabaci\u00f3n De Video: Grabaci\u00f3n de video 4K a 24 cps, 30 cps o 60 cps Grabaci\u00f3n de video HD de 1080p a 30 cps o 60 cps Grabaci\u00f3n de video HD de 720p a 30 cps Rango din\u00e1mico extendido para grabaci\u00f3n de video a un m\u00e1ximo de 60 cps Estabilizaci\u00f3n \u00f3ptica de imagen para video (c\u00e1mara gran angular) Zoom \u00f3ptico de 2x para acercar, zoom \u00f3ptico de 2x para alejar; zoom digital de hasta 3x Zoom de audio Video en c\u00e1mara lenta de 1080p a 120 cps o 240 cps Video en c\u00e1mara r\u00e1pida con estabilizaci\u00f3n Estabilizaci\u00f3n cinem\u00e1tica de video (4K, 1080p y 720p) Toma fotos de 8 MP mientras graba videos 4K Grabaci\u00f3n de video en formatos HEVC y H.264 \u2022 Conexiones: 5G (sub 6 GHz)4 Gigabit LTE con MIMO 4&#215;4 y LAA4 Wifi 802.11ax (6.\u00aa gen.) con MIMO 2&#215;2 Tecnolog\u00eda inal\u00e1mbrica Bluetooth 5.0 Chip de banda ultraancha para la detecci\u00f3n espacial5 NFC con modo de lectura Tarjetas expr\u00e9s con reserva de carga \u2022 Bater\u00eda: Bater\u00eda de iones de litio recargable integrada Carga inal\u00e1mbrica con cargadores Qi de hasta 7,5 W Carga mediante el puerto USB de un computador o con un adaptador de corriente Carga r\u00e1pida: Hasta un 50 % en 30 minutos11 con un adaptador de 20 W o superior (se vende por separado) \u2022 Sensores: Face ID Bar\u00f3metro Giroscopio de tres ejes Aceler\u00f3metro Sensor de proximidad Sensor de luz ambiente<\/p>\n","protected":false},"excerpt":{"rendered":"<h6 class=\"PurchaseContainer__Name-sc-15kmsqg-3 dfrkAl\" data-testid=\"product-name\">Apple iPhone 12 64GB P\u00farpura<\/h6>\n","protected":false},"featured_media":23437,"comment_status":"open","ping_status":"closed","template":"","meta":{"_uag_custom_page_level_css":"","site-sidebar-layout":"default","site-content-layout":"default","ast-site-content-layout":"default","site-content-style":"default","site-sidebar-style":"default","ast-global-header-display":"","ast-banner-title-visibility":"","ast-main-header-display":"","ast-hfb-above-header-display":"","ast-hfb-below-header-display":"","ast-hfb-mobile-header-display":"","site-post-title":"","ast-breadcrumbs-content":"","ast-featured-img":"","footer-sml-layout":"","theme-transparent-header-meta":"default","adv-header-id-meta":"","stick-header-meta":"","header-above-stick-meta":"","header-main-stick-meta":"","header-below-stick-meta":"","astra-migrate-meta-layouts":"default","ast-page-background-enabled":"default","ast-page-background-meta":{"desktop":{"background-color":"","background-image":"","background-repeat":"repeat","background-position":"center center","background-size":"auto","background-attachment":"scroll","background-type":"","background-media":"","overlay-type":"","overlay-color":"","overlay-opacity":"","overlay-gradient":""},"tablet":{"background-color":"","background-image":"","background-repeat":"repeat","background-position":"center center","background-size":"auto","background-attachment":"scroll","background-type":"","background-media":"","overlay-type":"","overlay-color":"","overlay-opacity":"","overlay-gradient":""},"mobile":{"background-color":"","background-image":"","background-repeat":"repeat","background-position":"center center","background-size":"auto","background-attachment":"scroll","background-type":"","background-media":"","overlay-type":"","overlay-color":"","overlay-opacity":"","overlay-gradient":""}},"ast-content-background-meta":{"desktop":{"background-color":"var(--ast-global-color-5)","background-image":"","background-repeat":"repeat","background-position":"center center","background-size":"auto","background-attachment":"scroll","background-type":"","background-media":"","overlay-type":"","overlay-color":"","overlay-opacity":"","overlay-gradient":""},"tablet":{"background-color":"var(--ast-global-color-5)","background-image":"","background-repeat":"repeat","background-position":"center center","background-size":"auto","background-attachment":"scroll","background-type":"","background-media":"","overlay-type":"","overlay-color":"","overlay-opacity":"","overlay-gradient":""},"mobile":{"background-color":"var(--ast-global-color-5)","background-image":"","background-repeat":"repeat","background-position":"center center","background-size":"auto","background-attachment":"scroll","background-type":"","background-media":"","overlay-type":"","overlay-color":"","overlay-opacity":"","overlay-gradient":""}}},"product_brand":[],"product_cat":[376],"product_tag":[],"class_list":{"0":"post-23432","1":"product","2":"type-product","3":"status-publish","4":"has-post-thumbnail","6":"product_cat-phones","7":"desktop-align-left","8":"tablet-align-left","9":"mobile-align-left","11":"first","12":"instock","13":"shipping-taxable","14":"purchasable","15":"product-type-simple"},"yoast_head":"<!-- This site is optimized with the Yoast SEO plugin v27.2 - https:\/\/yoast.com\/product\/yoast-seo-wordpress\/ -->\n<title>Apple iPhone 12 64GB - Acelshopping.com<\/title>\n<meta name=\"robots\" content=\"index, follow, max-snippet:-1, max-image-preview:large, max-video-preview:-1\" \/>\n<link rel=\"canonical\" href=\"https:\/\/acelshopping.com\/index.php\/product\/apple-iphone-12-64gb\/\" \/>\n<meta property=\"og:locale\" content=\"en_US\" \/>\n<meta property=\"og:type\" content=\"article\" \/>\n<meta property=\"og:title\" content=\"Apple iPhone 12 64GB - Acelshopping.com\" \/>\n<meta property=\"og:description\" content=\"Apple iPhone 12 64GB P\u00farpura\" \/>\n<meta property=\"og:url\" content=\"https:\/\/acelshopping.com\/index.php\/product\/apple-iphone-12-64gb\/\" \/>\n<meta property=\"og:site_name\" content=\"Acelshopping.com\" \/>\n<meta property=\"article:modified_time\" content=\"2024-09-15T01:42:53+00:00\" \/>\n<meta property=\"og:image\" content=\"https:\/\/acelshopping.com\/wp-content\/uploads\/2024\/09\/65d4e12d07bc8ddacb6240f1-large.webp\" \/>\n\t<meta property=\"og:image:width\" content=\"600\" \/>\n\t<meta property=\"og:image:height\" content=\"600\" \/>\n\t<meta property=\"og:image:type\" content=\"image\/webp\" \/>\n<meta name=\"twitter:card\" content=\"summary_large_image\" \/>\n<meta name=\"twitter:label1\" content=\"Est. reading time\" \/>\n\t<meta name=\"twitter:data1\" content=\"3 minutes\" \/>\n<script type=\"application\/ld+json\" class=\"yoast-schema-graph\">{\"@context\":\"https:\/\/schema.org\",\"@graph\":[{\"@type\":\"WebPage\",\"@id\":\"https:\/\/acelshopping.com\/index.php\/product\/apple-iphone-12-64gb\/\",\"url\":\"https:\/\/acelshopping.com\/index.php\/product\/apple-iphone-12-64gb\/\",\"name\":\"Apple iPhone 12 64GB - Acelshopping.com\",\"isPartOf\":{\"@id\":\"https:\/\/acelshopping.com\/#website\"},\"primaryImageOfPage\":{\"@id\":\"https:\/\/acelshopping.com\/index.php\/product\/apple-iphone-12-64gb\/#primaryimage\"},\"image\":{\"@id\":\"https:\/\/acelshopping.com\/index.php\/product\/apple-iphone-12-64gb\/#primaryimage\"},\"thumbnailUrl\":\"https:\/\/acelshopping.com\/wp-content\/uploads\/2024\/09\/65d4e12d07bc8ddacb6240f1-large.webp\",\"datePublished\":\"2024-09-15T01:42:52+00:00\",\"dateModified\":\"2024-09-15T01:42:53+00:00\",\"breadcrumb\":{\"@id\":\"https:\/\/acelshopping.com\/index.php\/product\/apple-iphone-12-64gb\/#breadcrumb\"},\"inLanguage\":\"en-US\",\"potentialAction\":[{\"@type\":\"ReadAction\",\"target\":[\"https:\/\/acelshopping.com\/index.php\/product\/apple-iphone-12-64gb\/\"]}]},{\"@type\":\"ImageObject\",\"inLanguage\":\"en-US\",\"@id\":\"https:\/\/acelshopping.com\/index.php\/product\/apple-iphone-12-64gb\/#primaryimage\",\"url\":\"https:\/\/acelshopping.com\/wp-content\/uploads\/2024\/09\/65d4e12d07bc8ddacb6240f1-large.webp\",\"contentUrl\":\"https:\/\/acelshopping.com\/wp-content\/uploads\/2024\/09\/65d4e12d07bc8ddacb6240f1-large.webp\",\"width\":600,\"height\":600},{\"@type\":\"BreadcrumbList\",\"@id\":\"https:\/\/acelshopping.com\/index.php\/product\/apple-iphone-12-64gb\/#breadcrumb\",\"itemListElement\":[{\"@type\":\"ListItem\",\"position\":1,\"name\":\"Home\",\"item\":\"https:\/\/acelshopping.com\/\"},{\"@type\":\"ListItem\",\"position\":2,\"name\":\"Store\",\"item\":\"https:\/\/acelshopping.com\/\"},{\"@type\":\"ListItem\",\"position\":3,\"name\":\"Apple iPhone 12 64GB\"}]},{\"@type\":\"WebSite\",\"@id\":\"https:\/\/acelshopping.com\/#website\",\"url\":\"https:\/\/acelshopping.com\/\",\"name\":\"Acelshopping.com\",\"description\":\"The Online Gifts Store\",\"publisher\":{\"@id\":\"https:\/\/acelshopping.com\/#organization\"},\"potentialAction\":[{\"@type\":\"SearchAction\",\"target\":{\"@type\":\"EntryPoint\",\"urlTemplate\":\"https:\/\/acelshopping.com\/?s={search_term_string}\"},\"query-input\":{\"@type\":\"PropertyValueSpecification\",\"valueRequired\":true,\"valueName\":\"search_term_string\"}}],\"inLanguage\":\"en-US\"},{\"@type\":\"Organization\",\"@id\":\"https:\/\/acelshopping.com\/#organization\",\"name\":\"Acelshopping.com\",\"url\":\"https:\/\/acelshopping.com\/\",\"logo\":{\"@type\":\"ImageObject\",\"inLanguage\":\"en-US\",\"@id\":\"https:\/\/acelshopping.com\/#\/schema\/logo\/image\/\",\"url\":\"https:\/\/acelshopping.com\/wp-content\/uploads\/2023\/05\/cropped-LogoMakr-0yc0jP-1.png\",\"contentUrl\":\"https:\/\/acelshopping.com\/wp-content\/uploads\/2023\/05\/cropped-LogoMakr-0yc0jP-1.png\",\"width\":200,\"height\":94,\"caption\":\"Acelshopping.com\"},\"image\":{\"@id\":\"https:\/\/acelshopping.com\/#\/schema\/logo\/image\/\"}}]}<\/script>\n<!-- \/ Yoast SEO plugin. -->","yoast_head_json":{"title":"Apple iPhone 12 64GB - Acelshopping.com","robots":{"index":"index","follow":"follow","max-snippet":"max-snippet:-1","max-image-preview":"max-image-preview:large","max-video-preview":"max-video-preview:-1"},"canonical":"https:\/\/acelshopping.com\/index.php\/product\/apple-iphone-12-64gb\/","og_locale":"en_US","og_type":"article","og_title":"Apple iPhone 12 64GB - Acelshopping.com","og_description":"Apple iPhone 12 64GB P\u00farpura","og_url":"https:\/\/acelshopping.com\/index.php\/product\/apple-iphone-12-64gb\/","og_site_name":"Acelshopping.com","article_modified_time":"2024-09-15T01:42:53+00:00","og_image":[{"width":600,"height":600,"url":"https:\/\/acelshopping.com\/wp-content\/uploads\/2024\/09\/65d4e12d07bc8ddacb6240f1-large.webp","type":"image\/webp"}],"twitter_card":"summary_large_image","twitter_misc":{"Est. reading time":"3 minutes"},"schema":{"@context":"https:\/\/schema.org","@graph":[{"@type":"WebPage","@id":"https:\/\/acelshopping.com\/index.php\/product\/apple-iphone-12-64gb\/","url":"https:\/\/acelshopping.com\/index.php\/product\/apple-iphone-12-64gb\/","name":"Apple iPhone 12 64GB - Acelshopping.com","isPartOf":{"@id":"https:\/\/acelshopping.com\/#website"},"primaryImageOfPage":{"@id":"https:\/\/acelshopping.com\/index.php\/product\/apple-iphone-12-64gb\/#primaryimage"},"image":{"@id":"https:\/\/acelshopping.com\/index.php\/product\/apple-iphone-12-64gb\/#primaryimage"},"thumbnailUrl":"https:\/\/acelshopping.com\/wp-content\/uploads\/2024\/09\/65d4e12d07bc8ddacb6240f1-large.webp","datePublished":"2024-09-15T01:42:52+00:00","dateModified":"2024-09-15T01:42:53+00:00","breadcrumb":{"@id":"https:\/\/acelshopping.com\/index.php\/product\/apple-iphone-12-64gb\/#breadcrumb"},"inLanguage":"en-US","potentialAction":[{"@type":"ReadAction","target":["https:\/\/acelshopping.com\/index.php\/product\/apple-iphone-12-64gb\/"]}]},{"@type":"ImageObject","inLanguage":"en-US","@id":"https:\/\/acelshopping.com\/index.php\/product\/apple-iphone-12-64gb\/#primaryimage","url":"https:\/\/acelshopping.com\/wp-content\/uploads\/2024\/09\/65d4e12d07bc8ddacb6240f1-large.webp","contentUrl":"https:\/\/acelshopping.com\/wp-content\/uploads\/2024\/09\/65d4e12d07bc8ddacb6240f1-large.webp","width":600,"height":600},{"@type":"BreadcrumbList","@id":"https:\/\/acelshopping.com\/index.php\/product\/apple-iphone-12-64gb\/#breadcrumb","itemListElement":[{"@type":"ListItem","position":1,"name":"Home","item":"https:\/\/acelshopping.com\/"},{"@type":"ListItem","position":2,"name":"Store","item":"https:\/\/acelshopping.com\/"},{"@type":"ListItem","position":3,"name":"Apple iPhone 12 64GB"}]},{"@type":"WebSite","@id":"https:\/\/acelshopping.com\/#website","url":"https:\/\/acelshopping.com\/","name":"Acelshopping.com","description":"The Online Gifts Store","publisher":{"@id":"https:\/\/acelshopping.com\/#organization"},"potentialAction":[{"@type":"SearchAction","target":{"@type":"EntryPoint","urlTemplate":"https:\/\/acelshopping.com\/?s={search_term_string}"},"query-input":{"@type":"PropertyValueSpecification","valueRequired":true,"valueName":"search_term_string"}}],"inLanguage":"en-US"},{"@type":"Organization","@id":"https:\/\/acelshopping.com\/#organization","name":"Acelshopping.com","url":"https:\/\/acelshopping.com\/","logo":{"@type":"ImageObject","inLanguage":"en-US","@id":"https:\/\/acelshopping.com\/#\/schema\/logo\/image\/","url":"https:\/\/acelshopping.com\/wp-content\/uploads\/2023\/05\/cropped-LogoMakr-0yc0jP-1.png","contentUrl":"https:\/\/acelshopping.com\/wp-content\/uploads\/2023\/05\/cropped-LogoMakr-0yc0jP-1.png","width":200,"height":94,"caption":"Acelshopping.com"},"image":{"@id":"https:\/\/acelshopping.com\/#\/schema\/logo\/image\/"}}]}},"uagb_featured_image_src":{"full":["https:\/\/acelshopping.com\/wp-content\/uploads\/2024\/09\/65d4e12d07bc8ddacb6240f1-large.webp",600,600,false],"thumbnail":["https:\/\/acelshopping.com\/wp-content\/uploads\/2024\/09\/65d4e12d07bc8ddacb6240f1-large-150x150.webp",150,150,true],"medium":["https:\/\/acelshopping.com\/wp-content\/uploads\/2024\/09\/65d4e12d07bc8ddacb6240f1-large-300x300.webp",300,300,true],"medium_large":["https:\/\/acelshopping.com\/wp-content\/uploads\/2024\/09\/65d4e12d07bc8ddacb6240f1-large.webp",600,600,false],"large":["https:\/\/acelshopping.com\/wp-content\/uploads\/2024\/09\/65d4e12d07bc8ddacb6240f1-large.webp",600,600,false],"1536x1536":["https:\/\/acelshopping.com\/wp-content\/uploads\/2024\/09\/65d4e12d07bc8ddacb6240f1-large.webp",600,600,false],"2048x2048":["https:\/\/acelshopping.com\/wp-content\/uploads\/2024\/09\/65d4e12d07bc8ddacb6240f1-large.webp",600,600,false],"mailpoet_newsletter_max":["https:\/\/acelshopping.com\/wp-content\/uploads\/2024\/09\/65d4e12d07bc8ddacb6240f1-large.webp",600,600,false],"woocommerce_thumbnail":["https:\/\/acelshopping.com\/wp-content\/uploads\/2024\/09\/65d4e12d07bc8ddacb6240f1-large-310x310.webp",310,310,true],"woocommerce_single":["https:\/\/acelshopping.com\/wp-content\/uploads\/2024\/09\/65d4e12d07bc8ddacb6240f1-large-577x577.webp",577,577,true],"woocommerce_gallery_thumbnail":["https:\/\/acelshopping.com\/wp-content\/uploads\/2024\/09\/65d4e12d07bc8ddacb6240f1-large-100x100.webp",100,100,true]},"uagb_author_info":{"display_name":"admin","author_link":"https:\/\/acelshopping.com\/index.php\/author\/"},"uagb_comment_info":0,"uagb_excerpt":"Apple iPhone 12 64GB P\u00farpura","jetpack_sharing_enabled":true,"_links":{"self":[{"href":"https:\/\/acelshopping.com\/index.php\/wp-json\/wp\/v2\/product\/23432","targetHints":{"allow":["GET"]}}],"collection":[{"href":"https:\/\/acelshopping.com\/index.php\/wp-json\/wp\/v2\/product"}],"about":[{"href":"https:\/\/acelshopping.com\/index.php\/wp-json\/wp\/v2\/types\/product"}],"replies":[{"embeddable":true,"href":"https:\/\/acelshopping.com\/index.php\/wp-json\/wp\/v2\/comments?post=23432"}],"wp:featuredmedia":[{"embeddable":true,"href":"https:\/\/acelshopping.com\/index.php\/wp-json\/wp\/v2\/media\/23437"}],"wp:attachment":[{"href":"https:\/\/acelshopping.com\/index.php\/wp-json\/wp\/v2\/media?parent=23432"}],"wp:term":[{"taxonomy":"product_brand","embeddable":true,"href":"https:\/\/acelshopping.com\/index.php\/wp-json\/wp\/v2\/product_brand?post=23432"},{"taxonomy":"product_cat","embeddable":true,"href":"https:\/\/acelshopping.com\/index.php\/wp-json\/wp\/v2\/product_cat?post=23432"},{"taxonomy":"product_tag","embeddable":true,"href":"https:\/\/acelshopping.com\/index.php\/wp-json\/wp\/v2\/product_tag?post=23432"}],"curies":[{"name":"wp","href":"https:\/\/api.w.org\/{rel}","templated":true}]}}