{"id":21861,"date":"2023-10-30T18:32:10","date_gmt":"2023-10-30T18:32:10","guid":{"rendered":"https:\/\/acelshopping.com\/?post_type=product&#038;p=21861"},"modified":"2023-10-30T18:33:14","modified_gmt":"2023-10-30T18:33:14","slug":"danseuse-etoile","status":"publish","type":"product","link":"https:\/\/acelshopping.com\/index.php\/product\/danseuse-etoile\/","title":{"rendered":"Danseuse Etoile"},"content":{"rendered":"<p>Collier artisanal &#8216;Danseuse \u00c9toile&#8217; tout en finesse, pour tous les amoureux de ballets et de gr\u00e2ce. En Argent rhodi\u00e9 et zirconium. Dimensions : 42 cm. Rallonge : 30 mm. Motif (Ballerine) : 25&#215;15 mm. &#8211; &#8211; Bijoux artisanaux, made in France, cr\u00e9ations fran\u00e7ais, handmade &#8211; &#8211; #ballet #opera #danse &#8211; &#8211; (Mati\u00e8re : Argent 925\/1000). Bijou de cr\u00e9ateurs, fabrication artisanale, Bijou labellise &#8216;Haute Fantaisie&#8217; Cr\u00e9ation fran\u00e7aise Collection : Danseuse \u00c9toile Couleur(s) : blanc Mati\u00e8re : Argent Public : Femme Dimensions : 42 cm x 3 cm x 3 cm<\/p>\n","protected":false},"excerpt":{"rendered":"<h6 class=\"PurchaseContainer__Name-sc-15kmsqg-3 bTljWP\" data-testid=\"product-name\">Les Tresors De Lily [Q9398] &#8211; Collier Argent artisanal &#8216;Danseuse Etoile&#8217; blanc argente (rhodie) &#8211; 25&#215;15 mm | Handmade silver necklace &#8216;Danseuse Etoile&#8217; silver white (rhodium plated) &#8211; 25&#215;15 mm. | Handgemachte Silberkette &#8216;Danseuse Etoile&#8217; silberwei\u00df (rhodiniert) &#8211; 25&#215;15 mm.<\/h6>\n","protected":false},"featured_media":21862,"comment_status":"open","ping_status":"closed","template":"","meta":{"_uag_custom_page_level_css":"","site-sidebar-layout":"default","site-content-layout":"default","ast-site-content-layout":"default","site-content-style":"default","site-sidebar-style":"default","ast-global-header-display":"","ast-banner-title-visibility":"","ast-main-header-display":"","ast-hfb-above-header-display":"","ast-hfb-below-header-display":"","ast-hfb-mobile-header-display":"","site-post-title":"","ast-breadcrumbs-content":"","ast-featured-img":"","footer-sml-layout":"","theme-transparent-header-meta":"default","adv-header-id-meta":"","stick-header-meta":"","header-above-stick-meta":"","header-main-stick-meta":"","header-below-stick-meta":"","astra-migrate-meta-layouts":"default","ast-page-background-enabled":"default","ast-page-background-meta":{"desktop":{"background-color":"","background-image":"","background-repeat":"repeat","background-position":"center center","background-size":"auto","background-attachment":"scroll","background-type":"","background-media":"","overlay-type":"","overlay-color":"","overlay-opacity":"","overlay-gradient":""},"tablet":{"background-color":"","background-image":"","background-repeat":"repeat","background-position":"center center","background-size":"auto","background-attachment":"scroll","background-type":"","background-media":"","overlay-type":"","overlay-color":"","overlay-opacity":"","overlay-gradient":""},"mobile":{"background-color":"","background-image":"","background-repeat":"repeat","background-position":"center center","background-size":"auto","background-attachment":"scroll","background-type":"","background-media":"","overlay-type":"","overlay-color":"","overlay-opacity":"","overlay-gradient":""}},"ast-content-background-meta":{"desktop":{"background-color":"var(--ast-global-color-5)","background-image":"","background-repeat":"repeat","background-position":"center center","background-size":"auto","background-attachment":"scroll","background-type":"","background-media":"","overlay-type":"","overlay-color":"","overlay-opacity":"","overlay-gradient":""},"tablet":{"background-color":"var(--ast-global-color-5)","background-image":"","background-repeat":"repeat","background-position":"center center","background-size":"auto","background-attachment":"scroll","background-type":"","background-media":"","overlay-type":"","overlay-color":"","overlay-opacity":"","overlay-gradient":""},"mobile":{"background-color":"var(--ast-global-color-5)","background-image":"","background-repeat":"repeat","background-position":"center center","background-size":"auto","background-attachment":"scroll","background-type":"","background-media":"","overlay-type":"","overlay-color":"","overlay-opacity":"","overlay-gradient":""}}},"product_brand":[],"product_cat":[114,125,135],"product_tag":[],"class_list":{"0":"post-21861","1":"product","2":"type-product","3":"status-publish","4":"has-post-thumbnail","6":"product_cat-accessories","7":"product_cat-men","8":"product_cat-women","9":"desktop-align-left","10":"tablet-align-left","11":"mobile-align-left","13":"first","14":"instock","15":"shipping-taxable","16":"purchasable","17":"product-type-simple"},"yoast_head":"<!-- This site is optimized with the Yoast SEO plugin v27.4 - https:\/\/yoast.com\/product\/yoast-seo-wordpress\/ -->\n<title>Danseuse Etoile - Acelshopping.com<\/title>\n<meta name=\"robots\" content=\"index, follow, max-snippet:-1, max-image-preview:large, max-video-preview:-1\" \/>\n<link rel=\"canonical\" href=\"https:\/\/acelshopping.com\/index.php\/product\/danseuse-etoile\/\" \/>\n<meta property=\"og:locale\" content=\"en_US\" \/>\n<meta property=\"og:type\" content=\"article\" \/>\n<meta property=\"og:title\" content=\"Danseuse Etoile - Acelshopping.com\" \/>\n<meta property=\"og:description\" content=\"Les Tresors De Lily [Q9398] - Collier Argent artisanal &#039;Danseuse Etoile&#039; blanc argente (rhodie) - 25x15 mm | Handmade silver necklace &#039;Danseuse Etoile&#039; silver white (rhodium plated) - 25x15 mm. | Handgemachte Silberkette &#039;Danseuse Etoile&#039; silberwei\u00df (rhodiniert) - 25x15 mm.\" \/>\n<meta property=\"og:url\" content=\"https:\/\/acelshopping.com\/index.php\/product\/danseuse-etoile\/\" \/>\n<meta property=\"og:site_name\" content=\"Acelshopping.com\" \/>\n<meta property=\"article:modified_time\" content=\"2023-10-30T18:33:14+00:00\" \/>\n<meta property=\"og:image\" content=\"https:\/\/acelshopping.com\/wp-content\/uploads\/2023\/10\/5d3f12d6af38fb1443f41383-large.webp\" \/>\n\t<meta property=\"og:image:width\" content=\"600\" \/>\n\t<meta property=\"og:image:height\" content=\"600\" \/>\n\t<meta property=\"og:image:type\" content=\"image\/webp\" \/>\n<meta name=\"twitter:card\" content=\"summary_large_image\" \/>\n<meta name=\"twitter:label1\" content=\"Est. reading time\" \/>\n\t<meta name=\"twitter:data1\" content=\"1 minute\" \/>\n<script type=\"application\/ld+json\" class=\"yoast-schema-graph\">{\"@context\":\"https:\\\/\\\/schema.org\",\"@graph\":[{\"@type\":\"WebPage\",\"@id\":\"https:\\\/\\\/acelshopping.com\\\/index.php\\\/product\\\/danseuse-etoile\\\/\",\"url\":\"https:\\\/\\\/acelshopping.com\\\/index.php\\\/product\\\/danseuse-etoile\\\/\",\"name\":\"Danseuse Etoile - Acelshopping.com\",\"isPartOf\":{\"@id\":\"https:\\\/\\\/acelshopping.com\\\/#website\"},\"primaryImageOfPage\":{\"@id\":\"https:\\\/\\\/acelshopping.com\\\/index.php\\\/product\\\/danseuse-etoile\\\/#primaryimage\"},\"image\":{\"@id\":\"https:\\\/\\\/acelshopping.com\\\/index.php\\\/product\\\/danseuse-etoile\\\/#primaryimage\"},\"thumbnailUrl\":\"https:\\\/\\\/acelshopping.com\\\/wp-content\\\/uploads\\\/2023\\\/10\\\/5d3f12d6af38fb1443f41383-large.webp\",\"datePublished\":\"2023-10-30T18:32:10+00:00\",\"dateModified\":\"2023-10-30T18:33:14+00:00\",\"breadcrumb\":{\"@id\":\"https:\\\/\\\/acelshopping.com\\\/index.php\\\/product\\\/danseuse-etoile\\\/#breadcrumb\"},\"inLanguage\":\"en-US\",\"potentialAction\":[{\"@type\":\"ReadAction\",\"target\":[\"https:\\\/\\\/acelshopping.com\\\/index.php\\\/product\\\/danseuse-etoile\\\/\"]}]},{\"@type\":\"ImageObject\",\"inLanguage\":\"en-US\",\"@id\":\"https:\\\/\\\/acelshopping.com\\\/index.php\\\/product\\\/danseuse-etoile\\\/#primaryimage\",\"url\":\"https:\\\/\\\/acelshopping.com\\\/wp-content\\\/uploads\\\/2023\\\/10\\\/5d3f12d6af38fb1443f41383-large.webp\",\"contentUrl\":\"https:\\\/\\\/acelshopping.com\\\/wp-content\\\/uploads\\\/2023\\\/10\\\/5d3f12d6af38fb1443f41383-large.webp\",\"width\":600,\"height\":600},{\"@type\":\"BreadcrumbList\",\"@id\":\"https:\\\/\\\/acelshopping.com\\\/index.php\\\/product\\\/danseuse-etoile\\\/#breadcrumb\",\"itemListElement\":[{\"@type\":\"ListItem\",\"position\":1,\"name\":\"Home\",\"item\":\"https:\\\/\\\/acelshopping.com\\\/\"},{\"@type\":\"ListItem\",\"position\":2,\"name\":\"Store\",\"item\":\"https:\\\/\\\/acelshopping.com\\\/\"},{\"@type\":\"ListItem\",\"position\":3,\"name\":\"Danseuse Etoile\"}]},{\"@type\":\"WebSite\",\"@id\":\"https:\\\/\\\/acelshopping.com\\\/#website\",\"url\":\"https:\\\/\\\/acelshopping.com\\\/\",\"name\":\"Acelshopping.com\",\"description\":\"The Online Gifts Store\",\"publisher\":{\"@id\":\"https:\\\/\\\/acelshopping.com\\\/#organization\"},\"potentialAction\":[{\"@type\":\"SearchAction\",\"target\":{\"@type\":\"EntryPoint\",\"urlTemplate\":\"https:\\\/\\\/acelshopping.com\\\/?s={search_term_string}\"},\"query-input\":{\"@type\":\"PropertyValueSpecification\",\"valueRequired\":true,\"valueName\":\"search_term_string\"}}],\"inLanguage\":\"en-US\"},{\"@type\":\"Organization\",\"@id\":\"https:\\\/\\\/acelshopping.com\\\/#organization\",\"name\":\"Acelshopping.com\",\"url\":\"https:\\\/\\\/acelshopping.com\\\/\",\"logo\":{\"@type\":\"ImageObject\",\"inLanguage\":\"en-US\",\"@id\":\"https:\\\/\\\/acelshopping.com\\\/#\\\/schema\\\/logo\\\/image\\\/\",\"url\":\"https:\\\/\\\/acelshopping.com\\\/wp-content\\\/uploads\\\/2023\\\/05\\\/cropped-LogoMakr-0yc0jP-1.png\",\"contentUrl\":\"https:\\\/\\\/acelshopping.com\\\/wp-content\\\/uploads\\\/2023\\\/05\\\/cropped-LogoMakr-0yc0jP-1.png\",\"width\":200,\"height\":94,\"caption\":\"Acelshopping.com\"},\"image\":{\"@id\":\"https:\\\/\\\/acelshopping.com\\\/#\\\/schema\\\/logo\\\/image\\\/\"}}]}<\/script>\n<!-- \/ Yoast SEO plugin. -->","yoast_head_json":{"title":"Danseuse Etoile - Acelshopping.com","robots":{"index":"index","follow":"follow","max-snippet":"max-snippet:-1","max-image-preview":"max-image-preview:large","max-video-preview":"max-video-preview:-1"},"canonical":"https:\/\/acelshopping.com\/index.php\/product\/danseuse-etoile\/","og_locale":"en_US","og_type":"article","og_title":"Danseuse Etoile - Acelshopping.com","og_description":"Les Tresors De Lily [Q9398] - Collier Argent artisanal 'Danseuse Etoile' blanc argente (rhodie) - 25x15 mm | Handmade silver necklace 'Danseuse Etoile' silver white (rhodium plated) - 25x15 mm. | Handgemachte Silberkette 'Danseuse Etoile' silberwei\u00df (rhodiniert) - 25x15 mm.","og_url":"https:\/\/acelshopping.com\/index.php\/product\/danseuse-etoile\/","og_site_name":"Acelshopping.com","article_modified_time":"2023-10-30T18:33:14+00:00","og_image":[{"width":600,"height":600,"url":"https:\/\/acelshopping.com\/wp-content\/uploads\/2023\/10\/5d3f12d6af38fb1443f41383-large.webp","type":"image\/webp"}],"twitter_card":"summary_large_image","twitter_misc":{"Est. reading time":"1 minute"},"schema":{"@context":"https:\/\/schema.org","@graph":[{"@type":"WebPage","@id":"https:\/\/acelshopping.com\/index.php\/product\/danseuse-etoile\/","url":"https:\/\/acelshopping.com\/index.php\/product\/danseuse-etoile\/","name":"Danseuse Etoile - Acelshopping.com","isPartOf":{"@id":"https:\/\/acelshopping.com\/#website"},"primaryImageOfPage":{"@id":"https:\/\/acelshopping.com\/index.php\/product\/danseuse-etoile\/#primaryimage"},"image":{"@id":"https:\/\/acelshopping.com\/index.php\/product\/danseuse-etoile\/#primaryimage"},"thumbnailUrl":"https:\/\/acelshopping.com\/wp-content\/uploads\/2023\/10\/5d3f12d6af38fb1443f41383-large.webp","datePublished":"2023-10-30T18:32:10+00:00","dateModified":"2023-10-30T18:33:14+00:00","breadcrumb":{"@id":"https:\/\/acelshopping.com\/index.php\/product\/danseuse-etoile\/#breadcrumb"},"inLanguage":"en-US","potentialAction":[{"@type":"ReadAction","target":["https:\/\/acelshopping.com\/index.php\/product\/danseuse-etoile\/"]}]},{"@type":"ImageObject","inLanguage":"en-US","@id":"https:\/\/acelshopping.com\/index.php\/product\/danseuse-etoile\/#primaryimage","url":"https:\/\/acelshopping.com\/wp-content\/uploads\/2023\/10\/5d3f12d6af38fb1443f41383-large.webp","contentUrl":"https:\/\/acelshopping.com\/wp-content\/uploads\/2023\/10\/5d3f12d6af38fb1443f41383-large.webp","width":600,"height":600},{"@type":"BreadcrumbList","@id":"https:\/\/acelshopping.com\/index.php\/product\/danseuse-etoile\/#breadcrumb","itemListElement":[{"@type":"ListItem","position":1,"name":"Home","item":"https:\/\/acelshopping.com\/"},{"@type":"ListItem","position":2,"name":"Store","item":"https:\/\/acelshopping.com\/"},{"@type":"ListItem","position":3,"name":"Danseuse Etoile"}]},{"@type":"WebSite","@id":"https:\/\/acelshopping.com\/#website","url":"https:\/\/acelshopping.com\/","name":"Acelshopping.com","description":"The Online Gifts Store","publisher":{"@id":"https:\/\/acelshopping.com\/#organization"},"potentialAction":[{"@type":"SearchAction","target":{"@type":"EntryPoint","urlTemplate":"https:\/\/acelshopping.com\/?s={search_term_string}"},"query-input":{"@type":"PropertyValueSpecification","valueRequired":true,"valueName":"search_term_string"}}],"inLanguage":"en-US"},{"@type":"Organization","@id":"https:\/\/acelshopping.com\/#organization","name":"Acelshopping.com","url":"https:\/\/acelshopping.com\/","logo":{"@type":"ImageObject","inLanguage":"en-US","@id":"https:\/\/acelshopping.com\/#\/schema\/logo\/image\/","url":"https:\/\/acelshopping.com\/wp-content\/uploads\/2023\/05\/cropped-LogoMakr-0yc0jP-1.png","contentUrl":"https:\/\/acelshopping.com\/wp-content\/uploads\/2023\/05\/cropped-LogoMakr-0yc0jP-1.png","width":200,"height":94,"caption":"Acelshopping.com"},"image":{"@id":"https:\/\/acelshopping.com\/#\/schema\/logo\/image\/"}}]}},"uagb_featured_image_src":{"full":["https:\/\/acelshopping.com\/wp-content\/uploads\/2023\/10\/5d3f12d6af38fb1443f41383-large.webp",600,600,false],"thumbnail":["https:\/\/acelshopping.com\/wp-content\/uploads\/2023\/10\/5d3f12d6af38fb1443f41383-large-150x150.webp",150,150,true],"medium":["https:\/\/acelshopping.com\/wp-content\/uploads\/2023\/10\/5d3f12d6af38fb1443f41383-large-300x300.webp",300,300,true],"medium_large":["https:\/\/acelshopping.com\/wp-content\/uploads\/2023\/10\/5d3f12d6af38fb1443f41383-large.webp",600,600,false],"large":["https:\/\/acelshopping.com\/wp-content\/uploads\/2023\/10\/5d3f12d6af38fb1443f41383-large.webp",600,600,false],"1536x1536":["https:\/\/acelshopping.com\/wp-content\/uploads\/2023\/10\/5d3f12d6af38fb1443f41383-large.webp",600,600,false],"2048x2048":["https:\/\/acelshopping.com\/wp-content\/uploads\/2023\/10\/5d3f12d6af38fb1443f41383-large.webp",600,600,false],"mailpoet_newsletter_max":["https:\/\/acelshopping.com\/wp-content\/uploads\/2023\/10\/5d3f12d6af38fb1443f41383-large.webp",600,600,false],"woocommerce_thumbnail":["https:\/\/acelshopping.com\/wp-content\/uploads\/2023\/10\/5d3f12d6af38fb1443f41383-large-310x310.webp",310,310,true],"woocommerce_single":["https:\/\/acelshopping.com\/wp-content\/uploads\/2023\/10\/5d3f12d6af38fb1443f41383-large-577x577.webp",577,577,true],"woocommerce_gallery_thumbnail":["https:\/\/acelshopping.com\/wp-content\/uploads\/2023\/10\/5d3f12d6af38fb1443f41383-large-100x100.webp",100,100,true]},"uagb_author_info":{"display_name":"admin","author_link":"https:\/\/acelshopping.com\/index.php\/author\/"},"uagb_comment_info":0,"uagb_excerpt":"Les Tresors De Lily [Q9398] - Collier Argent artisanal 'Danseuse Etoile' blanc argente (rhodie) - 25x15 mm | Handmade silver necklace 'Danseuse Etoile' silver white (rhodium plated) - 25x15 mm. | Handgemachte Silberkette 'Danseuse Etoile' silberwei\u00df (rhodiniert) - 25x15 mm.","jetpack_sharing_enabled":true,"_links":{"self":[{"href":"https:\/\/acelshopping.com\/index.php\/wp-json\/wp\/v2\/product\/21861","targetHints":{"allow":["GET"]}}],"collection":[{"href":"https:\/\/acelshopping.com\/index.php\/wp-json\/wp\/v2\/product"}],"about":[{"href":"https:\/\/acelshopping.com\/index.php\/wp-json\/wp\/v2\/types\/product"}],"replies":[{"embeddable":true,"href":"https:\/\/acelshopping.com\/index.php\/wp-json\/wp\/v2\/comments?post=21861"}],"wp:featuredmedia":[{"embeddable":true,"href":"https:\/\/acelshopping.com\/index.php\/wp-json\/wp\/v2\/media\/21862"}],"wp:attachment":[{"href":"https:\/\/acelshopping.com\/index.php\/wp-json\/wp\/v2\/media?parent=21861"}],"wp:term":[{"taxonomy":"product_brand","embeddable":true,"href":"https:\/\/acelshopping.com\/index.php\/wp-json\/wp\/v2\/product_brand?post=21861"},{"taxonomy":"product_cat","embeddable":true,"href":"https:\/\/acelshopping.com\/index.php\/wp-json\/wp\/v2\/product_cat?post=21861"},{"taxonomy":"product_tag","embeddable":true,"href":"https:\/\/acelshopping.com\/index.php\/wp-json\/wp\/v2\/product_tag?post=21861"}],"curies":[{"name":"wp","href":"https:\/\/api.w.org\/{rel}","templated":true}]}}